{"id":2859,"date":"2024-12-12T22:17:14","date_gmt":"2024-12-12T22:17:14","guid":{"rendered":"https:\/\/terredete.fr\/?post_type=product&#038;p=2859"},"modified":"2026-04-03T11:54:42","modified_gmt":"2026-04-03T11:54:42","slug":"bracelet-perle-de-tahiti-baroque-o-7-8-mm-et-hematites","status":"publish","type":"product","link":"https:\/\/terredete.fr\/en\/product\/bracelet-perle-de-tahiti-baroque-o-7-8-mm-et-hematites\/","title":{"rendered":"Baroque Tahitian pearl bracelet (\u00f8 7-8 mm) and hematite"},"content":{"rendered":"<p class=\"p1\">Les perles de Tahiti baroques sont une c\u00e9l\u00e9bration de la beaut\u00e9 imparfaite. Durant sa mise en culture, l\u2019hu\u00eetre n\u2019a pas produit une perle parfaitement ronde, mais a offert un joyau unique, orn\u00e9 de stries d\u00e9licates sur sa nacre. Ces irr\u00e9gularit\u00e9s racontent l\u2019histoire de chaque perle et en font une pi\u00e8ce authentique, magnifi\u00e9e par un lustre captivant.<\/p>\n<p class=\"p3\">Like all pearls, they are naturally maintained through contact with the skin, which helps preserve their moisture. Simply avoid alcohol-based products, such as perfume, to maintain their shine.<\/p>\n<p class=\"p3\">Associ\u00e9es aux perles de Tahiti, les h\u00e9matites galvanis\u00e9es apportent une touche contemporaine gr\u00e2ce \u00e0 leur \u00e9clat subtil et durable. Hypoallerg\u00e9niques et waterproof, elles allient \u00e9l\u00e9gance et praticit\u00e9 au quotidien.<\/p>\n<p class=\"p3\">Each bracelet is carefully handcrafted. Thanks to its meticulously woven sliding knot, it adjusts perfectly to all wrists, for a piece of jewelry that is as unique as it is comfortable.<\/p>\n<p class=\"p3\">As all pearls are unique in shape, color, and nuances, the piece you receive may differ slightly from the one shown in the photo. But this is precisely what makes your bracelet so special: you will be wearing a truly one-of-a-kind piece, shaped by nature.<\/p>","protected":false},"excerpt":{"rendered":"<p>Un bracelet intemporel et \u00e9l\u00e9gant avec une perle de Tahiti baroque de \u00f8 7-8 mm mont\u00e9e sur des h\u00e9matites galvanis\u00e9es.<\/p>","protected":false},"featured_media":3335,"comment_status":"open","ping_status":"closed","template":"","meta":{"om_disable_all_campaigns":false,"_monsterinsights_skip_tracking":false,"_monsterinsights_sitenote_active":false,"_monsterinsights_sitenote_note":"","_monsterinsights_sitenote_category":0},"product_brand":[],"product_cat":[30,29,40],"product_tag":[32,34],"class_list":{"0":"post-2859","1":"product","2":"type-product","3":"status-publish","4":"has-post-thumbnail","6":"product_cat-bracelet","7":"product_cat-femme","8":"product_cat-tahiti","9":"product_tag-essentiels","10":"product_tag-tahiti","12":"first","13":"instock","14":"taxable","15":"shipping-taxable","16":"purchasable","17":"product-type-variable"},"aioseo_notices":[],"jetpack_sharing_enabled":true,"_links":{"self":[{"href":"https:\/\/terredete.fr\/en\/wp-json\/wp\/v2\/product\/2859","targetHints":{"allow":["GET"]}}],"collection":[{"href":"https:\/\/terredete.fr\/en\/wp-json\/wp\/v2\/product"}],"about":[{"href":"https:\/\/terredete.fr\/en\/wp-json\/wp\/v2\/types\/product"}],"replies":[{"embeddable":true,"href":"https:\/\/terredete.fr\/en\/wp-json\/wp\/v2\/comments?post=2859"}],"wp:featuredmedia":[{"embeddable":true,"href":"https:\/\/terredete.fr\/en\/wp-json\/wp\/v2\/media\/3335"}],"wp:attachment":[{"href":"https:\/\/terredete.fr\/en\/wp-json\/wp\/v2\/media?parent=2859"}],"wp:term":[{"taxonomy":"product_brand","embeddable":true,"href":"https:\/\/terredete.fr\/en\/wp-json\/wp\/v2\/product_brand?post=2859"},{"taxonomy":"product_cat","embeddable":true,"href":"https:\/\/terredete.fr\/en\/wp-json\/wp\/v2\/product_cat?post=2859"},{"taxonomy":"product_tag","embeddable":true,"href":"https:\/\/terredete.fr\/en\/wp-json\/wp\/v2\/product_tag?post=2859"}],"curies":[{"name":"wp","href":"https:\/\/api.w.org\/{rel}","templated":true}]}}