{"id":2888,"date":"2024-12-12T23:20:33","date_gmt":"2024-12-12T23:20:33","guid":{"rendered":"https:\/\/terredete.fr\/?post_type=product&#038;p=2888"},"modified":"2026-05-12T15:46:57","modified_gmt":"2026-05-12T15:46:57","slug":"bracelet-perle-de-tahiti-ronde-o-7-8-mm-et-hematites","status":"publish","type":"product","link":"https:\/\/terredete.fr\/en\/product\/bracelet-perle-de-tahiti-ronde-o-7-8-mm-et-hematites\/","title":{"rendered":"Round Tahitian Pearl Bracelet (\u00f8 7\u20138 mm) with Hematite"},"content":{"rendered":"<p>Les perles de Tahiti rondes sont l\u2019un des tr\u00e9sors les plus rares des mers du Pacifique. Leur forme parfaitement sph\u00e9rique, associ\u00e9e \u00e0 des couleurs riches allant du noir profond au vert \u00e9clatant, en fait des pi\u00e8ces d\u2019exception. Contrairement \u00e0 leurs cousines baroques, les perles rondes sont un v\u00e9ritable exploit de la nature, et leur raret\u00e9 les rend particuli\u00e8rement recherch\u00e9es par les collectionneurs et les amateurs de bijoux pr\u00e9cieux. Chaque perle incarne la beaut\u00e9 brute et pure de l\u2019oc\u00e9an, faisant de chaque bracelet ou collier une pi\u00e8ce unique, empreinte de luxe et d\u2019\u00e9l\u00e9gance.<\/p>\n<p>Like all pearls, they are naturally maintained through contact with the skin, which helps preserve their moisture. Simply avoid alcohol-based products, such as perfume, to maintain their shine.<\/p>\n<p>Associ\u00e9es aux perles de Tahiti, les h\u00e9matites galvanis\u00e9es apportent une touche contemporaine gr\u00e2ce \u00e0 leur \u00e9clat subtil et durable. Hypoallerg\u00e9niques et waterproof, elles allient \u00e9l\u00e9gance et praticit\u00e9 au quotidien.<\/p>\n<p>Each bracelet is carefully handcrafted. Thanks to its meticulously woven sliding knot, it adjusts perfectly to all wrists, for a piece of jewelry that is as unique as it is comfortable.<\/p>\n<p>As all pearls are unique in shape, color, and nuances, the piece you receive may differ slightly from the one shown in the photo. But this is precisely what makes your bracelet so special: you will be wearing a truly one-of-a-kind piece, shaped by nature.<\/p>","protected":false},"excerpt":{"rendered":"<p>Un bracelet intemporel et \u00e9l\u00e9gant avec une perle de Tahiti ronde de \u00f8 7-8 mm mont\u00e9e sur des h\u00e9matites galvanis\u00e9es.<\/p>","protected":false},"featured_media":2849,"comment_status":"open","ping_status":"closed","template":"","meta":{"om_disable_all_campaigns":false,"_monsterinsights_skip_tracking":false,"_monsterinsights_sitenote_active":false,"_monsterinsights_sitenote_note":"","_monsterinsights_sitenote_category":0},"product_brand":[],"product_cat":[40],"product_tag":[32,34],"class_list":{"0":"post-2888","1":"product","2":"type-product","3":"status-publish","4":"has-post-thumbnail","6":"product_cat-tahiti","7":"product_tag-essentiels","8":"product_tag-tahiti","10":"first","11":"instock","12":"taxable","13":"shipping-taxable","14":"purchasable","15":"product-type-variable"},"aioseo_notices":[],"jetpack_sharing_enabled":true,"_links":{"self":[{"href":"https:\/\/terredete.fr\/en\/wp-json\/wp\/v2\/product\/2888","targetHints":{"allow":["GET"]}}],"collection":[{"href":"https:\/\/terredete.fr\/en\/wp-json\/wp\/v2\/product"}],"about":[{"href":"https:\/\/terredete.fr\/en\/wp-json\/wp\/v2\/types\/product"}],"replies":[{"embeddable":true,"href":"https:\/\/terredete.fr\/en\/wp-json\/wp\/v2\/comments?post=2888"}],"wp:featuredmedia":[{"embeddable":true,"href":"https:\/\/terredete.fr\/en\/wp-json\/wp\/v2\/media\/2849"}],"wp:attachment":[{"href":"https:\/\/terredete.fr\/en\/wp-json\/wp\/v2\/media?parent=2888"}],"wp:term":[{"taxonomy":"product_brand","embeddable":true,"href":"https:\/\/terredete.fr\/en\/wp-json\/wp\/v2\/product_brand?post=2888"},{"taxonomy":"product_cat","embeddable":true,"href":"https:\/\/terredete.fr\/en\/wp-json\/wp\/v2\/product_cat?post=2888"},{"taxonomy":"product_tag","embeddable":true,"href":"https:\/\/terredete.fr\/en\/wp-json\/wp\/v2\/product_tag?post=2888"}],"curies":[{"name":"wp","href":"https:\/\/api.w.org\/{rel}","templated":true}]}}