{"id":2991,"date":"2024-12-13T09:48:31","date_gmt":"2024-12-13T09:48:31","guid":{"rendered":"https:\/\/terredete.fr\/?post_type=product&#038;p=2991"},"modified":"2025-06-07T16:07:39","modified_gmt":"2025-06-07T16:07:39","slug":"bracelet-oursin-en-argent-925-noirci","status":"publish","type":"product","link":"https:\/\/terredete.fr\/en\/product\/bracelet-oursin-en-argent-925-noirci\/","title":{"rendered":"Blackened 925 sterling silver sea urchin bracelet"},"content":{"rendered":"<p class=\"p1\">Ce bracelet est une ode aux tr\u00e9sors cach\u00e9s de la M\u00e9diterran\u00e9e. L\u2019oursin en argent qui orne ce bijou a \u00e9t\u00e9 minutieusement moul\u00e9 \u00e0 partir d\u2019un v\u00e9ritable oursin trouv\u00e9 dans le Golfe de Saint-Tropez, t\u00e9moignant de la richesse et de la d\u00e9licatesse de cet \u00e9cosyst\u00e8me marin. L\u2019oursin, symbole de r\u00e9silience et de protection gr\u00e2ce \u00e0 ses \u00e9pines, incarne une force tranquille et une beaut\u00e9 unique. Ici, l&rsquo;argent est noirci et les \u00e9pines, avec le temps, se patineront pour redevenir argent\u00e9es.<\/p>\n<p><strong>To care for the silver and preserve its shine, clean it regularly with a soft cloth and avoid contact with chemicals or abrasive products.<\/strong><\/p>\n<p class=\"p3\">Galvanized hematite adds a contemporary touch thanks to its subtle and lasting shine. Hypoallergenic and waterproof, it combines elegance and practicality for everyday use.<\/p>\n<p class=\"p3\"><b>Each bracelet is carefully handcrafted. Thanks to its meticulously woven sliding knot, it adjusts perfectly to all wrists, for a piece of jewelry that is as unique as it is comfortable.<\/b><\/p>","protected":false},"excerpt":{"rendered":"<p>Un bracelet intemporel et \u00e9l\u00e9gant avec un oursin en argent 925 (1,6 g) noirci, mont\u00e9 sur des h\u00e9matites galvanis\u00e9es.<\/p>","protected":false},"featured_media":3317,"comment_status":"open","ping_status":"closed","template":"","meta":{"om_disable_all_campaigns":false,"_monsterinsights_skip_tracking":false,"_monsterinsights_sitenote_active":false,"_monsterinsights_sitenote_note":"","_monsterinsights_sitenote_category":0},"product_brand":[],"product_cat":[96],"product_tag":[99,32,98],"class_list":{"0":"post-2991","1":"product","2":"type-product","3":"status-publish","4":"has-post-thumbnail","6":"product_cat-argent","7":"product_tag-argent","8":"product_tag-essentiels","9":"product_tag-oursin","11":"first","12":"instock","13":"taxable","14":"shipping-taxable","15":"purchasable","16":"product-type-variable"},"aioseo_notices":[],"jetpack_sharing_enabled":true,"_links":{"self":[{"href":"https:\/\/terredete.fr\/en\/wp-json\/wp\/v2\/product\/2991","targetHints":{"allow":["GET"]}}],"collection":[{"href":"https:\/\/terredete.fr\/en\/wp-json\/wp\/v2\/product"}],"about":[{"href":"https:\/\/terredete.fr\/en\/wp-json\/wp\/v2\/types\/product"}],"replies":[{"embeddable":true,"href":"https:\/\/terredete.fr\/en\/wp-json\/wp\/v2\/comments?post=2991"}],"wp:featuredmedia":[{"embeddable":true,"href":"https:\/\/terredete.fr\/en\/wp-json\/wp\/v2\/media\/3317"}],"wp:attachment":[{"href":"https:\/\/terredete.fr\/en\/wp-json\/wp\/v2\/media?parent=2991"}],"wp:term":[{"taxonomy":"product_brand","embeddable":true,"href":"https:\/\/terredete.fr\/en\/wp-json\/wp\/v2\/product_brand?post=2991"},{"taxonomy":"product_cat","embeddable":true,"href":"https:\/\/terredete.fr\/en\/wp-json\/wp\/v2\/product_cat?post=2991"},{"taxonomy":"product_tag","embeddable":true,"href":"https:\/\/terredete.fr\/en\/wp-json\/wp\/v2\/product_tag?post=2991"}],"curies":[{"name":"wp","href":"https:\/\/api.w.org\/{rel}","templated":true}]}}