{"id":3553,"date":"2025-01-10T09:58:36","date_gmt":"2025-01-10T09:58:36","guid":{"rendered":"https:\/\/terredete.fr\/?post_type=product&#038;p=3553"},"modified":"2026-05-08T14:00:00","modified_gmt":"2026-05-08T14:00:00","slug":"collier-ras-le-cou-reglable-perle-de-tahiti-baroque-et-hematites","status":"publish","type":"product","link":"https:\/\/terredete.fr\/en\/product\/collier-ras-le-cou-reglable-perle-de-tahiti-baroque-et-hematites\/","title":{"rendered":"Collier ras-de-cou r\u00e9glable en h\u00e9matites et perle de Tahiti baroque"},"content":{"rendered":"<p>Les perles de Tahiti baroques sont une c\u00e9l\u00e9bration de la beaut\u00e9 imparfaite. Durant sa mise en culture, l\u2019hu\u00eetre n\u2019a pas produit une perle parfaitement ronde, mais a offert un joyau unique, orn\u00e9 de stries d\u00e9licates sur sa nacre. Ces irr\u00e9gularit\u00e9s racontent l\u2019histoire de chaque perle et en font une pi\u00e8ce authentique.<\/p>\n<p><strong>Like all pearls, they are naturally maintained through contact with the skin, which helps preserve their moisture. Simply avoid alcohol-based products, such as perfume, to maintain their shine.<\/strong><\/p>\n<p class=\"p3\">Galvanized hematite adds a contemporary touch thanks to its subtle and lasting shine. Hypoallergenic and waterproof, it combines elegance and practicality for everyday use.<\/p>\n<p><strong>Each necklace is carefully handcrafted. Thanks to its meticulously woven sliding knot, the height of the piece can be adjusted in the neckline and it can be easily removed.<br \/>\n<\/strong><\/p>\n<p><strong>As all pearls are unique in shape, color, and nuances, the piece you receive may differ slightly from the one shown in the photo. But this is precisely what makes your bracelet so special: you will be wearing a truly one-of-a-kind piece, shaped by nature.<\/strong><\/p>","protected":false},"excerpt":{"rendered":"<p>Un collier \u00e9l\u00e9gant et minimaliste compos\u00e9 d&rsquo;une perle de Tahiti \u00f8 9-10 mm mont\u00e9e sur des h\u00e9matites galvanis\u00e9es, pens\u00e9 pour ne jamais quitter votre cou.<\/p>","protected":false},"featured_media":3439,"comment_status":"open","ping_status":"closed","template":"","meta":{"om_disable_all_campaigns":false,"_monsterinsights_skip_tracking":false,"_monsterinsights_sitenote_active":false,"_monsterinsights_sitenote_note":"","_monsterinsights_sitenote_category":0},"product_brand":[],"product_cat":[31,29,106],"product_tag":[32,34],"class_list":{"0":"post-3553","1":"product","2":"type-product","3":"status-publish","4":"has-post-thumbnail","6":"product_cat-collier","7":"product_cat-femme","8":"product_cat-tahiti-collier","9":"product_tag-essentiels","10":"product_tag-tahiti","12":"first","13":"instock","14":"taxable","15":"shipping-taxable","16":"purchasable","17":"product-type-variable","18":"has-default-attributes"},"aioseo_notices":[],"jetpack_sharing_enabled":true,"_links":{"self":[{"href":"https:\/\/terredete.fr\/en\/wp-json\/wp\/v2\/product\/3553","targetHints":{"allow":["GET"]}}],"collection":[{"href":"https:\/\/terredete.fr\/en\/wp-json\/wp\/v2\/product"}],"about":[{"href":"https:\/\/terredete.fr\/en\/wp-json\/wp\/v2\/types\/product"}],"replies":[{"embeddable":true,"href":"https:\/\/terredete.fr\/en\/wp-json\/wp\/v2\/comments?post=3553"}],"wp:featuredmedia":[{"embeddable":true,"href":"https:\/\/terredete.fr\/en\/wp-json\/wp\/v2\/media\/3439"}],"wp:attachment":[{"href":"https:\/\/terredete.fr\/en\/wp-json\/wp\/v2\/media?parent=3553"}],"wp:term":[{"taxonomy":"product_brand","embeddable":true,"href":"https:\/\/terredete.fr\/en\/wp-json\/wp\/v2\/product_brand?post=3553"},{"taxonomy":"product_cat","embeddable":true,"href":"https:\/\/terredete.fr\/en\/wp-json\/wp\/v2\/product_cat?post=3553"},{"taxonomy":"product_tag","embeddable":true,"href":"https:\/\/terredete.fr\/en\/wp-json\/wp\/v2\/product_tag?post=3553"}],"curies":[{"name":"wp","href":"https:\/\/api.w.org\/{rel}","templated":true}]}}