{"id":3581,"date":"2025-01-10T10:13:15","date_gmt":"2025-01-10T10:13:15","guid":{"rendered":"https:\/\/terredete.fr\/?post_type=product&#038;p=3581"},"modified":"2025-01-17T21:43:09","modified_gmt":"2025-01-17T21:43:09","slug":"sautoir-keishi-tahiti","status":"publish","type":"product","link":"https:\/\/terredete.fr\/en\/product\/sautoir-keishi-tahiti\/","title":{"rendered":"Tahitian Keshi Pearl Sautoir"},"content":{"rendered":"<p class=\"p1\">Les keishis de Tahiti, form\u00e9s naturellement sans noyau, captivent par leur \u00e9clat intense et leurs formes organiques, uniques \u00e0 chaque pi\u00e8ce. Issues des lagons polyn\u00e9siens, elles incarnent la puret\u00e9 et l\u2019\u00e9l\u00e9gance sauvage de l\u2019oc\u00e9an. Leurs lustres \u2013 du gris argent\u00e9 au noir profond en passant par des reflets arc-en-ciel \u2013 apportent une touche \u00e0 la fois audacieuse et sophistiqu\u00e9e \u00e0 vos bijoux. Chaque keishi raconte une histoire, celle d\u2019une beaut\u00e9 authentique fa\u00e7onn\u00e9e par la nature.<\/p>\n<p><strong>Like all pearls, they are naturally maintained through contact with the skin, which helps preserve their moisture. Simply avoid alcohol-based products, such as perfume, to maintain their shine.<\/strong><\/p>\n<p><strong>\u00a0<\/strong><\/p>","protected":false},"excerpt":{"rendered":"<p>Un collier \u00e9l\u00e9gant compos\u00e9 de plusieurs keishis (10g) mont\u00e9s sur une fine cha\u00eene en argent et petites spinelles, unique et original, ce bijou est une ode \u00e0 la beaut\u00e9 imparfaite de la nature.<\/p>","protected":false},"featured_media":3423,"comment_status":"open","ping_status":"closed","template":"","meta":{"om_disable_all_campaigns":false,"_monsterinsights_skip_tracking":false,"_monsterinsights_sitenote_active":false,"_monsterinsights_sitenote_note":"","_monsterinsights_sitenote_category":0},"product_brand":[],"product_cat":[31,29,106],"product_tag":[35,34,39],"class_list":{"0":"post-3581","1":"product","2":"type-product","3":"status-publish","4":"has-post-thumbnail","6":"product_cat-collier","7":"product_cat-femme","8":"product_cat-tahiti-collier","9":"product_tag-coups-de-coeur","10":"product_tag-tahiti","11":"product_tag-pieces-uniques","13":"first","14":"instock","15":"taxable","16":"shipping-taxable","17":"purchasable","18":"product-type-simple"},"aioseo_notices":[],"jetpack_sharing_enabled":true,"_links":{"self":[{"href":"https:\/\/terredete.fr\/en\/wp-json\/wp\/v2\/product\/3581","targetHints":{"allow":["GET"]}}],"collection":[{"href":"https:\/\/terredete.fr\/en\/wp-json\/wp\/v2\/product"}],"about":[{"href":"https:\/\/terredete.fr\/en\/wp-json\/wp\/v2\/types\/product"}],"replies":[{"embeddable":true,"href":"https:\/\/terredete.fr\/en\/wp-json\/wp\/v2\/comments?post=3581"}],"wp:featuredmedia":[{"embeddable":true,"href":"https:\/\/terredete.fr\/en\/wp-json\/wp\/v2\/media\/3423"}],"wp:attachment":[{"href":"https:\/\/terredete.fr\/en\/wp-json\/wp\/v2\/media?parent=3581"}],"wp:term":[{"taxonomy":"product_brand","embeddable":true,"href":"https:\/\/terredete.fr\/en\/wp-json\/wp\/v2\/product_brand?post=3581"},{"taxonomy":"product_cat","embeddable":true,"href":"https:\/\/terredete.fr\/en\/wp-json\/wp\/v2\/product_cat?post=3581"},{"taxonomy":"product_tag","embeddable":true,"href":"https:\/\/terredete.fr\/en\/wp-json\/wp\/v2\/product_tag?post=3581"}],"curies":[{"name":"wp","href":"https:\/\/api.w.org\/{rel}","templated":true}]}}