{"id":3594,"date":"2025-01-10T10:43:11","date_gmt":"2025-01-10T10:43:11","guid":{"rendered":"https:\/\/terredete.fr\/?post_type=product&#038;p=3594"},"modified":"2026-05-11T16:49:26","modified_gmt":"2026-05-11T16:49:26","slug":"cravate-perles-de-tahiti-et-cuir-de-kangourou","status":"publish","type":"product","link":"https:\/\/terredete.fr\/en\/product\/cravate-perles-de-tahiti-et-cuir-de-kangourou\/","title":{"rendered":"Tahitian Pearl Tie Necklace with Kangaroo Leather"},"content":{"rendered":"<p class=\"p1\">Les perles de Tahiti baroques sont une c\u00e9l\u00e9bration de la beaut\u00e9 imparfaite. Durant sa mise en culture, l\u2019hu\u00eetre n\u2019a pas produit une perle parfaitement ronde, mais a offert un joyau unique, orn\u00e9 de stries d\u00e9licates sur sa nacre. Ces irr\u00e9gularit\u00e9s racontent l\u2019histoire de chaque perle et en font une pi\u00e8ce authentique.<\/p>\n<p><strong>Like all pearls, they are naturally maintained through contact with the skin, which helps preserve their moisture. Simply avoid alcohol-based products, such as perfume, to maintain their shine.<\/strong><\/p>\n<p class=\"p1\">Le cuir de kangourou, \u00e0 la fois souple et robuste, est un mat\u00e9riau d\u2019exception qui allie \u00e9l\u00e9gance et durabilit\u00e9. Contrairement \u00e0 d\u2019autres cuirs, il conserve sa flexibilit\u00e9 et sa douceur, m\u00eame apr\u00e8s une exposition prolong\u00e9e \u00e0 l\u2019eau, sans jamais se raidir ni perdre de sa qualit\u00e9. Ce cuir unique, issu de pratiques \u00e9thiques, est id\u00e9al pour des cr\u00e9ations r\u00e9sistantes et raffin\u00e9es, parfaites pour accompagner vos aventures du quotidien comme vos escapades les plus audacieuses.<\/p>\n<p><strong>Chaque collier est soigneusement fabriqu\u00e9 \u00e0 la main. <\/strong><b>As all pearls are unique in shape, color, and nuances, the piece you receive may differ slightly from the one shown in the photo. But this is precisely what makes your bracelet so special: you will be wearing a truly one-of-a-kind piece, shaped by nature.<\/b><\/p>\n<p><strong>\u00a0<\/strong><\/p>","protected":false},"excerpt":{"rendered":"<p>Un collier contemporain compos\u00e9 de trois perles de Tahiti baroques et de cuir de kangourou. Les perles minutieusement trou\u00e9es au diam\u00e8tre exact du cuir peuvent coulisser et s&rsquo;adapter \u00e0 tous les d\u00e9collet\u00e9s.<\/p>","protected":false},"featured_media":3429,"comment_status":"open","ping_status":"closed","template":"","meta":{"om_disable_all_campaigns":false,"_monsterinsights_skip_tracking":false,"_monsterinsights_sitenote_active":false,"_monsterinsights_sitenote_note":"","_monsterinsights_sitenote_category":0},"product_brand":[],"product_cat":[31,192,29,106],"product_tag":[35,34],"class_list":{"0":"post-3594","1":"product","2":"type-product","3":"status-publish","4":"has-post-thumbnail","6":"product_cat-collier","7":"product_cat-colier-en-cuir","8":"product_cat-femme","9":"product_cat-tahiti-collier","10":"product_tag-coups-de-coeur","11":"product_tag-tahiti","13":"first","14":"instock","15":"taxable","16":"shipping-taxable","17":"purchasable","18":"product-type-simple"},"aioseo_notices":[],"jetpack_sharing_enabled":true,"_links":{"self":[{"href":"https:\/\/terredete.fr\/en\/wp-json\/wp\/v2\/product\/3594","targetHints":{"allow":["GET"]}}],"collection":[{"href":"https:\/\/terredete.fr\/en\/wp-json\/wp\/v2\/product"}],"about":[{"href":"https:\/\/terredete.fr\/en\/wp-json\/wp\/v2\/types\/product"}],"replies":[{"embeddable":true,"href":"https:\/\/terredete.fr\/en\/wp-json\/wp\/v2\/comments?post=3594"}],"wp:featuredmedia":[{"embeddable":true,"href":"https:\/\/terredete.fr\/en\/wp-json\/wp\/v2\/media\/3429"}],"wp:attachment":[{"href":"https:\/\/terredete.fr\/en\/wp-json\/wp\/v2\/media?parent=3594"}],"wp:term":[{"taxonomy":"product_brand","embeddable":true,"href":"https:\/\/terredete.fr\/en\/wp-json\/wp\/v2\/product_brand?post=3594"},{"taxonomy":"product_cat","embeddable":true,"href":"https:\/\/terredete.fr\/en\/wp-json\/wp\/v2\/product_cat?post=3594"},{"taxonomy":"product_tag","embeddable":true,"href":"https:\/\/terredete.fr\/en\/wp-json\/wp\/v2\/product_tag?post=3594"}],"curies":[{"name":"wp","href":"https:\/\/api.w.org\/{rel}","templated":true}]}}