{"id":3618,"date":"2025-01-10T12:01:46","date_gmt":"2025-01-10T12:01:46","guid":{"rendered":"https:\/\/terredete.fr\/?post_type=product&#038;p=3618"},"modified":"2026-05-10T12:25:43","modified_gmt":"2026-05-10T12:25:43","slug":"pompom-perles-des-philippines-et-cuir-de-kangourou","status":"publish","type":"product","link":"https:\/\/terredete.fr\/en\/product\/pompom-perles-des-philippines-et-cuir-de-kangourou\/","title":{"rendered":"Pompom perles des Philippines et cuir de kangourou"},"content":{"rendered":"<p>Les perles des Philippines, v\u00e9ritables joyaux de l\u2019oc\u00e9an Pacifique, sont reconnues pour leur nacre exceptionnelle et leurs nuances uniques, allant de l\u2019or au champagne. Cultiv\u00e9es avec soin, elles demandent plusieurs ann\u00e9es de patience, ce qui les rend rares et pr\u00e9cieuses.<\/p>\n<p><strong>Like all pearls, they are naturally maintained through contact with the skin, which helps preserve their moisture. Simply avoid alcohol-based products, such as perfume, to maintain their shine.<\/strong><\/p>\n<p>Le cuir de kangourou, \u00e0 la fois souple et robuste, est un mat\u00e9riau d\u2019exception qui allie \u00e9l\u00e9gance et durabilit\u00e9. Contrairement \u00e0 d\u2019autres cuirs, il conserve sa flexibilit\u00e9 et sa douceur, m\u00eame apr\u00e8s une exposition prolong\u00e9e \u00e0 l\u2019eau, sans se raidir ni perdre de sa qualit\u00e9. Ce cuir unique, issu de pratiques \u00e9thiques, est id\u00e9al pour des cr\u00e9ations r\u00e9sistantes et raffin\u00e9es, parfaites pour accompagner vos aventures du quotidien comme vos escapades les plus audacieuses.<\/p>\n<p><strong>Chaque collier est soigneusement fabriqu\u00e9 \u00e0 la main.<br \/>\n<\/strong><\/p>\n<p><strong>As all pearls are unique in shape, color, and nuances, the piece you receive may differ slightly from the one shown in the photo. But this is precisely what makes your bracelet so special: you will be wearing a truly one-of-a-kind piece, shaped by nature.<\/strong><\/p>\n<p>&nbsp;<\/p>\n<p><strong>\u00a0<\/strong><\/p>","protected":false},"excerpt":{"rendered":"<p>Un collier contemporain compos\u00e9 de 6 perles des Philippines baroques \u00f8 9-10 mm et de cuir de kangourou. Il peut se porter nou\u00e9 ou \u00eatre modul\u00e9 selon votre cr\u00e9ativit\u00e9. Les perles minutieusement trou\u00e9es au diam\u00e8tre exact du cuir peuvent coulisser et s\u2019adapter \u00e0 tous les d\u00e9collet\u00e9s.<\/p>","protected":false},"featured_media":3436,"comment_status":"open","ping_status":"closed","template":"","meta":{"om_disable_all_campaigns":false,"_monsterinsights_skip_tracking":false,"_monsterinsights_sitenote_active":false,"_monsterinsights_sitenote_note":"","_monsterinsights_sitenote_category":0},"product_brand":[],"product_cat":[31,192,29,103],"product_tag":[35,37,39],"class_list":{"0":"post-3618","1":"product","2":"type-product","3":"status-publish","4":"has-post-thumbnail","6":"product_cat-collier","7":"product_cat-colier-en-cuir","8":"product_cat-femme","9":"product_cat-philippines-collier","10":"product_tag-coups-de-coeur","11":"product_tag-perle-des-philippines","12":"product_tag-pieces-uniques","14":"first","15":"instock","16":"taxable","17":"shipping-taxable","18":"purchasable","19":"product-type-simple"},"aioseo_notices":[],"jetpack_sharing_enabled":true,"_links":{"self":[{"href":"https:\/\/terredete.fr\/en\/wp-json\/wp\/v2\/product\/3618","targetHints":{"allow":["GET"]}}],"collection":[{"href":"https:\/\/terredete.fr\/en\/wp-json\/wp\/v2\/product"}],"about":[{"href":"https:\/\/terredete.fr\/en\/wp-json\/wp\/v2\/types\/product"}],"replies":[{"embeddable":true,"href":"https:\/\/terredete.fr\/en\/wp-json\/wp\/v2\/comments?post=3618"}],"wp:featuredmedia":[{"embeddable":true,"href":"https:\/\/terredete.fr\/en\/wp-json\/wp\/v2\/media\/3436"}],"wp:attachment":[{"href":"https:\/\/terredete.fr\/en\/wp-json\/wp\/v2\/media?parent=3618"}],"wp:term":[{"taxonomy":"product_brand","embeddable":true,"href":"https:\/\/terredete.fr\/en\/wp-json\/wp\/v2\/product_brand?post=3618"},{"taxonomy":"product_cat","embeddable":true,"href":"https:\/\/terredete.fr\/en\/wp-json\/wp\/v2\/product_cat?post=3618"},{"taxonomy":"product_tag","embeddable":true,"href":"https:\/\/terredete.fr\/en\/wp-json\/wp\/v2\/product_tag?post=3618"}],"curies":[{"name":"wp","href":"https:\/\/api.w.org\/{rel}","templated":true}]}}