{"id":3620,"date":"2025-01-10T12:07:29","date_gmt":"2025-01-10T12:07:29","guid":{"rendered":"https:\/\/terredete.fr\/?post_type=product&#038;p=3620"},"modified":"2026-05-08T15:20:28","modified_gmt":"2026-05-08T15:20:28","slug":"ras-de-cou-perle-des-philippines-et-mokuba","status":"publish","type":"product","link":"https:\/\/terredete.fr\/en\/product\/ras-de-cou-perle-des-philippines-et-mokuba\/","title":{"rendered":"Ras-de-cou en perle des Philippines et mokuba"},"content":{"rendered":"<p>Les perles des Philippines, v\u00e9ritables joyaux de l\u2019oc\u00e9an Pacifique, sont reconnues pour leur nacre exceptionnelle et leurs nuances uniques, allant de l\u2019or au champagne. Cultiv\u00e9es avec soin, elles demandent plusieurs ann\u00e9es de patience, ce qui les rend rares et pr\u00e9cieuses.<\/p>\n<p><strong>Like all pearls, they are naturally maintained through contact with the skin, which helps preserve their moisture. Simply avoid alcohol-based products, such as perfume, to maintain their shine.<\/strong><\/p>\n<p>The cord used is Mokuba, a Japanese passementerie renowned for its durability. <strong>Each necklace is carefully handcrafted. Thanks to its meticulously woven sliding knot, the height of the piece can be adjusted in the neckline and it can be easily removed.<\/strong><\/p>\n<p>&nbsp;<\/p>\n<p>&nbsp;<\/p>\n<p><strong>\u00a0<\/strong><\/p>","protected":false},"excerpt":{"rendered":"<p>Pi\u00e8ce unique<\/p>\n<p>Fabriqu\u00e9 \u00e0 Saint-Tropez<\/p>\n<p>Un collier ras le cou d\u00e9licat et moderne compos\u00e9 d\u2019une perle des Philippines ronde \u00f8 12 mm, de viroles en vermeil pour apporter de la lumi\u00e8re et d\u2019un lien en mokuba.<\/p>","protected":false},"featured_media":3415,"comment_status":"open","ping_status":"closed","template":"","meta":{"om_disable_all_campaigns":false,"_monsterinsights_skip_tracking":false,"_monsterinsights_sitenote_active":false,"_monsterinsights_sitenote_note":"","_monsterinsights_sitenote_category":0},"product_brand":[],"product_cat":[31,29,103],"product_tag":[35,37,39],"class_list":{"0":"post-3620","1":"product","2":"type-product","3":"status-publish","4":"has-post-thumbnail","6":"product_cat-collier","7":"product_cat-femme","8":"product_cat-philippines-collier","9":"product_tag-coups-de-coeur","10":"product_tag-perle-des-philippines","11":"product_tag-pieces-uniques","13":"first","14":"instock","15":"sold-individually","16":"taxable","17":"shipping-taxable","18":"purchasable","19":"product-type-simple"},"aioseo_notices":[],"jetpack_sharing_enabled":true,"_links":{"self":[{"href":"https:\/\/terredete.fr\/en\/wp-json\/wp\/v2\/product\/3620","targetHints":{"allow":["GET"]}}],"collection":[{"href":"https:\/\/terredete.fr\/en\/wp-json\/wp\/v2\/product"}],"about":[{"href":"https:\/\/terredete.fr\/en\/wp-json\/wp\/v2\/types\/product"}],"replies":[{"embeddable":true,"href":"https:\/\/terredete.fr\/en\/wp-json\/wp\/v2\/comments?post=3620"}],"wp:featuredmedia":[{"embeddable":true,"href":"https:\/\/terredete.fr\/en\/wp-json\/wp\/v2\/media\/3415"}],"wp:attachment":[{"href":"https:\/\/terredete.fr\/en\/wp-json\/wp\/v2\/media?parent=3620"}],"wp:term":[{"taxonomy":"product_brand","embeddable":true,"href":"https:\/\/terredete.fr\/en\/wp-json\/wp\/v2\/product_brand?post=3620"},{"taxonomy":"product_cat","embeddable":true,"href":"https:\/\/terredete.fr\/en\/wp-json\/wp\/v2\/product_cat?post=3620"},{"taxonomy":"product_tag","embeddable":true,"href":"https:\/\/terredete.fr\/en\/wp-json\/wp\/v2\/product_tag?post=3620"}],"curies":[{"name":"wp","href":"https:\/\/api.w.org\/{rel}","templated":true}]}}