{"id":3756,"date":"2025-01-10T17:46:06","date_gmt":"2025-01-10T17:46:06","guid":{"rendered":"https:\/\/terredete.fr\/?post_type=product&#038;p=3756"},"modified":"2025-03-10T14:25:48","modified_gmt":"2025-03-10T14:25:48","slug":"bracelet-perle-de-tahiti-pierre","status":"publish","type":"product","link":"https:\/\/terredete.fr\/en\/product\/bracelet-perle-de-tahiti-pierre\/","title":{"rendered":"Tahitian Pearl and Stone Bracelet"},"content":{"rendered":"<p class=\"p1\">Les perles de Tahiti baroques sont une c\u00e9l\u00e9bration de la beaut\u00e9 imparfaite. Durant sa mise en culture, l\u2019hu\u00eetre n\u2019a pas produit une perle parfaitement ronde, mais a offert un joyau unique, orn\u00e9 de stries d\u00e9licates sur sa nacre. Ces irr\u00e9gularit\u00e9s racontent l\u2019histoire de chaque perle et en font une pi\u00e8ce authentique.<\/p>\n<p class=\"p3\"><b>Like all pearls, they are naturally maintained through contact with the skin, which helps preserve their moisture. Simply avoid alcohol-based products, such as perfume, to maintain their shine.<\/b><\/p>\n<p class=\"p3\"><b>Each bracelet is carefully handcrafted. Thanks to its meticulously woven sliding knot, it adjusts perfectly to all wrists, for a piece of jewelry that is as unique as it is comfortable.<\/b><\/p>","protected":false},"excerpt":{"rendered":"<p>Un bracelet robuste et intemporel compos\u00e9 d&rsquo;une perle de Tahiti \u00f8 9-10 mm, de pierres semi-pr\u00e9cieuses et des viroles tahitiennes en argent 925.<\/p>","protected":false},"featured_media":4059,"comment_status":"open","ping_status":"closed","template":"","meta":{"om_disable_all_campaigns":false,"_monsterinsights_skip_tracking":false,"_monsterinsights_sitenote_active":false,"_monsterinsights_sitenote_note":"","_monsterinsights_sitenote_category":0},"product_brand":[],"product_cat":[108,107],"product_tag":[],"class_list":{"0":"post-3756","1":"product","2":"type-product","3":"status-publish","4":"has-post-thumbnail","6":"product_cat-bracelets","7":"product_cat-homme","9":"first","10":"instock","11":"taxable","12":"shipping-taxable","13":"purchasable","14":"product-type-variable"},"aioseo_notices":[],"jetpack_sharing_enabled":true,"_links":{"self":[{"href":"https:\/\/terredete.fr\/en\/wp-json\/wp\/v2\/product\/3756","targetHints":{"allow":["GET"]}}],"collection":[{"href":"https:\/\/terredete.fr\/en\/wp-json\/wp\/v2\/product"}],"about":[{"href":"https:\/\/terredete.fr\/en\/wp-json\/wp\/v2\/types\/product"}],"replies":[{"embeddable":true,"href":"https:\/\/terredete.fr\/en\/wp-json\/wp\/v2\/comments?post=3756"}],"wp:featuredmedia":[{"embeddable":true,"href":"https:\/\/terredete.fr\/en\/wp-json\/wp\/v2\/media\/4059"}],"wp:attachment":[{"href":"https:\/\/terredete.fr\/en\/wp-json\/wp\/v2\/media?parent=3756"}],"wp:term":[{"taxonomy":"product_brand","embeddable":true,"href":"https:\/\/terredete.fr\/en\/wp-json\/wp\/v2\/product_brand?post=3756"},{"taxonomy":"product_cat","embeddable":true,"href":"https:\/\/terredete.fr\/en\/wp-json\/wp\/v2\/product_cat?post=3756"},{"taxonomy":"product_tag","embeddable":true,"href":"https:\/\/terredete.fr\/en\/wp-json\/wp\/v2\/product_tag?post=3756"}],"curies":[{"name":"wp","href":"https:\/\/api.w.org\/{rel}","templated":true}]}}