{"id":4079,"date":"2025-02-23T06:38:49","date_gmt":"2025-02-23T06:38:49","guid":{"rendered":"https:\/\/terredete.fr\/?post_type=product&#038;p=4079"},"modified":"2025-10-15T08:05:05","modified_gmt":"2025-10-15T08:05:05","slug":"bracelet-oursin-en-argent-et-macrame","status":"publish","type":"product","link":"https:\/\/terredete.fr\/en\/product\/bracelet-oursin-en-argent-et-macrame\/","title":{"rendered":"Silver Sea Urchin Bracelet with Macram\u00e9"},"content":{"rendered":"<p>Ce bracelet est une ode aux tr\u00e9sors cach\u00e9s de la M\u00e9diterran\u00e9e. L\u2019oursin en argent qui orne ce bijou a \u00e9t\u00e9 minutieusement moul\u00e9 \u00e0 partir d\u2019un v\u00e9ritable oursin trouv\u00e9 dans le Golfe de Saint-Tropez, t\u00e9moignant de la richesse et de la d\u00e9licatesse de cet \u00e9cosyst\u00e8me marin. L\u2019oursin, symbole de r\u00e9silience et de protection gr\u00e2ce \u00e0 ses \u00e9pines, incarne une force tranquille et une beaut\u00e9 unique. Ici, l\u2019oursin est noirci et serti d\u2019une opale.<\/p>\n<p><strong>To care for the silver and preserve its shine, clean it regularly with a soft cloth and avoid contact with chemicals or abrasive products.<\/strong><\/p>\n<p>Ici mont\u00e9e sur du fil mokuba, une passementerie japonaise reconnue pour sa r\u00e9sistance, pour que votre bracelet puisse vous accompagner o\u00f9 que vous alliez.<br \/>\n<strong><br \/>\nEach bracelet is carefully handcrafted. Thanks to its meticulously woven sliding knot, it adjusts perfectly to all wrists, for a piece of jewelry that is as unique as it is comfortable.<\/strong><\/p>","protected":false},"excerpt":{"rendered":"<p>Un bracelet robuste et intemporel compos\u00e9 d\u2019un oursin en argent (1,6g ou 2,8g) sur un macram\u00e9 en mokuba.<\/p>","protected":false},"featured_media":4103,"comment_status":"open","ping_status":"closed","template":"","meta":{"om_disable_all_campaigns":false,"_monsterinsights_skip_tracking":false,"_monsterinsights_sitenote_active":false,"_monsterinsights_sitenote_note":"","_monsterinsights_sitenote_category":0},"product_brand":[],"product_cat":[108,107],"product_tag":[],"class_list":{"0":"post-4079","1":"product","2":"type-product","3":"status-publish","4":"has-post-thumbnail","6":"product_cat-bracelets","7":"product_cat-homme","9":"first","10":"instock","11":"taxable","12":"shipping-taxable","13":"purchasable","14":"product-type-variable"},"aioseo_notices":[],"jetpack_sharing_enabled":true,"_links":{"self":[{"href":"https:\/\/terredete.fr\/en\/wp-json\/wp\/v2\/product\/4079","targetHints":{"allow":["GET"]}}],"collection":[{"href":"https:\/\/terredete.fr\/en\/wp-json\/wp\/v2\/product"}],"about":[{"href":"https:\/\/terredete.fr\/en\/wp-json\/wp\/v2\/types\/product"}],"replies":[{"embeddable":true,"href":"https:\/\/terredete.fr\/en\/wp-json\/wp\/v2\/comments?post=4079"}],"wp:featuredmedia":[{"embeddable":true,"href":"https:\/\/terredete.fr\/en\/wp-json\/wp\/v2\/media\/4103"}],"wp:attachment":[{"href":"https:\/\/terredete.fr\/en\/wp-json\/wp\/v2\/media?parent=4079"}],"wp:term":[{"taxonomy":"product_brand","embeddable":true,"href":"https:\/\/terredete.fr\/en\/wp-json\/wp\/v2\/product_brand?post=4079"},{"taxonomy":"product_cat","embeddable":true,"href":"https:\/\/terredete.fr\/en\/wp-json\/wp\/v2\/product_cat?post=4079"},{"taxonomy":"product_tag","embeddable":true,"href":"https:\/\/terredete.fr\/en\/wp-json\/wp\/v2\/product_tag?post=4079"}],"curies":[{"name":"wp","href":"https:\/\/api.w.org\/{rel}","templated":true}]}}