{"id":4252,"date":"2025-02-25T11:09:47","date_gmt":"2025-02-25T11:09:47","guid":{"rendered":"https:\/\/terredete.fr\/?post_type=product&#038;p=4252"},"modified":"2026-01-11T22:13:44","modified_gmt":"2026-01-11T22:13:44","slug":"medaille-de-saint-tropez-o-15mm-et-hematites","status":"publish","type":"product","link":"https:\/\/terredete.fr\/en\/product\/medaille-de-saint-tropez-o-15mm-et-hematites\/","title":{"rendered":"Saint-Tropez Medallion \u00f8 15 mm with Hematite"},"content":{"rendered":"<p>In partnership with the Schaming family, Terre d\u2019\u00e9t\u00e9 exclusively offers the authentic Saint-Tropez medallion.\nCreated in 1945 by the former Frantz jewelry house, it was taken over by Mr. Schaming in 1980.\nThis medallion, a religious emblem, represents the patron saint of the village.\nOriginally worn by native Tropezians, it is now worn as a bracelet or necklace by those who are Tropezians at heart.<\/p>\n<p>En argent 925, elle est mont\u00e9e sur des h\u00e9matites galvanis\u00e9es qui apportent une touche contemporaine gr\u00e2ce \u00e0 leur \u00e9clat subtil et durable. Hypoallerg\u00e9niques et waterproof, elles allient \u00e9l\u00e9gance et praticit\u00e9 au quotidien.<\/p>\n<p class=\"p3\"><b>Each bracelet is carefully handcrafted. Thanks to its meticulously woven sliding knot, it adjusts perfectly to all wrists, for a piece of jewelry that is as unique as it is comfortable.<\/b><\/p>","protected":false},"excerpt":{"rendered":"<p>An authentic Saint-Tropez medallion (\u00d8 15 mm), Frantz-minted, on galvanized hematite beads.<\/p>","protected":false},"featured_media":4253,"comment_status":"open","ping_status":"closed","template":"","meta":{"om_disable_all_campaigns":false,"_monsterinsights_skip_tracking":false,"_monsterinsights_sitenote_active":false,"_monsterinsights_sitenote_note":"","_monsterinsights_sitenote_category":0},"product_brand":[],"product_cat":[30,29,130],"product_tag":[129],"class_list":{"0":"post-4252","1":"product","2":"type-product","3":"status-publish","4":"has-post-thumbnail","6":"product_cat-bracelet","7":"product_cat-femme","8":"product_cat-medaille-de-saint-tropez","9":"product_tag-medaille-saint-tropez","11":"first","12":"instock","13":"taxable","14":"shipping-taxable","15":"purchasable","16":"product-type-variable"},"aioseo_notices":[],"jetpack_sharing_enabled":true,"_links":{"self":[{"href":"https:\/\/terredete.fr\/en\/wp-json\/wp\/v2\/product\/4252","targetHints":{"allow":["GET"]}}],"collection":[{"href":"https:\/\/terredete.fr\/en\/wp-json\/wp\/v2\/product"}],"about":[{"href":"https:\/\/terredete.fr\/en\/wp-json\/wp\/v2\/types\/product"}],"replies":[{"embeddable":true,"href":"https:\/\/terredete.fr\/en\/wp-json\/wp\/v2\/comments?post=4252"}],"wp:featuredmedia":[{"embeddable":true,"href":"https:\/\/terredete.fr\/en\/wp-json\/wp\/v2\/media\/4253"}],"wp:attachment":[{"href":"https:\/\/terredete.fr\/en\/wp-json\/wp\/v2\/media?parent=4252"}],"wp:term":[{"taxonomy":"product_brand","embeddable":true,"href":"https:\/\/terredete.fr\/en\/wp-json\/wp\/v2\/product_brand?post=4252"},{"taxonomy":"product_cat","embeddable":true,"href":"https:\/\/terredete.fr\/en\/wp-json\/wp\/v2\/product_cat?post=4252"},{"taxonomy":"product_tag","embeddable":true,"href":"https:\/\/terredete.fr\/en\/wp-json\/wp\/v2\/product_tag?post=4252"}],"curies":[{"name":"wp","href":"https:\/\/api.w.org\/{rel}","templated":true}]}}