{"id":4297,"date":"2025-02-25T14:14:29","date_gmt":"2025-02-25T14:14:29","guid":{"rendered":"https:\/\/terredete.fr\/?post_type=product&#038;p=4297"},"modified":"2025-10-18T08:36:18","modified_gmt":"2025-10-18T08:36:18","slug":"collier-perle-de-tahiti-baroque-et-mokuba","status":"publish","type":"product","link":"https:\/\/terredete.fr\/en\/product\/collier-perle-de-tahiti-baroque-et-mokuba\/","title":{"rendered":"Baroque Tahitian Pearl and Mokuba Necklace"},"content":{"rendered":"<p class=\"p1\">Ce collier associe la beaut\u00e9 brute d\u2019une <span class=\"s1\">perle de Tahiti baroque \u00f8 9-10 mm<\/span>, choisie pour ses reflets uniques, \u00e0 la simplicit\u00e9 d\u2019un <span class=\"s1\">cordon mokuba ajustable<\/span>. <span class=\"s1\">Con\u00e7u pour durer, il r\u00e9siste aux al\u00e9as du quotidien et s\u2019adapte \u00e0 tous les styles de vie.<\/span> Son design \u00e9pur\u00e9 et modulable en fait un bijou intemporel, discret et authentique.<\/p>\n<p><strong>Like all pearls, they are naturally maintained through contact with the skin, which helps preserve their moisture. Simply avoid alcohol-based products, such as perfume, to maintain their shine.<\/strong><\/p>\n<p class=\"p3\"><strong>Chaque collier est soigneusement fabriqu\u00e9 \u00e0 la main. Gr\u00e2ce \u00e0 son n\u0153ud coulissant, tiss\u00e9 avec minutie, il s&rsquo;adapte \u00e0 votre mani\u00e8re de le porter<\/strong><\/p>\n<p class=\"p3\"><strong>Toutes les perles \u00e9tant uniques par leur forme, leur couleur et leurs nuances, il est possible que le bijou que vous recevrez diff\u00e8re l\u00e9g\u00e8rement de celui pr\u00e9sent\u00e9 en photo. Mais c\u2019est justement ce qui rend votre collier si sp\u00e9cial : vous porterez une pi\u00e8ce v\u00e9ritablement unique, fa\u00e7onn\u00e9e par la nature.<\/strong><\/p>\n<p>&nbsp;<\/p>","protected":false},"excerpt":{"rendered":"<p class=\"p1\">Un collier sobre et durable avec perle de Tahiti baroque et cordon ajustable en mokuba.<\/p>","protected":false},"featured_media":4861,"comment_status":"open","ping_status":"closed","template":"","meta":{"om_disable_all_campaigns":false,"_monsterinsights_skip_tracking":false,"_monsterinsights_sitenote_active":false,"_monsterinsights_sitenote_note":"","_monsterinsights_sitenote_category":0},"product_brand":[],"product_cat":[109,107],"product_tag":[],"class_list":{"0":"post-4297","1":"product","2":"type-product","3":"status-publish","4":"has-post-thumbnail","6":"product_cat-colliers","7":"product_cat-homme","9":"first","10":"instock","11":"taxable","12":"shipping-taxable","13":"purchasable","14":"product-type-simple"},"aioseo_notices":[],"jetpack_sharing_enabled":true,"_links":{"self":[{"href":"https:\/\/terredete.fr\/en\/wp-json\/wp\/v2\/product\/4297","targetHints":{"allow":["GET"]}}],"collection":[{"href":"https:\/\/terredete.fr\/en\/wp-json\/wp\/v2\/product"}],"about":[{"href":"https:\/\/terredete.fr\/en\/wp-json\/wp\/v2\/types\/product"}],"replies":[{"embeddable":true,"href":"https:\/\/terredete.fr\/en\/wp-json\/wp\/v2\/comments?post=4297"}],"wp:featuredmedia":[{"embeddable":true,"href":"https:\/\/terredete.fr\/en\/wp-json\/wp\/v2\/media\/4861"}],"wp:attachment":[{"href":"https:\/\/terredete.fr\/en\/wp-json\/wp\/v2\/media?parent=4297"}],"wp:term":[{"taxonomy":"product_brand","embeddable":true,"href":"https:\/\/terredete.fr\/en\/wp-json\/wp\/v2\/product_brand?post=4297"},{"taxonomy":"product_cat","embeddable":true,"href":"https:\/\/terredete.fr\/en\/wp-json\/wp\/v2\/product_cat?post=4297"},{"taxonomy":"product_tag","embeddable":true,"href":"https:\/\/terredete.fr\/en\/wp-json\/wp\/v2\/product_tag?post=4297"}],"curies":[{"name":"wp","href":"https:\/\/api.w.org\/{rel}","templated":true}]}}