{"id":4576,"date":"2025-02-28T11:20:38","date_gmt":"2025-02-28T11:20:38","guid":{"rendered":"https:\/\/terredete.fr\/?post_type=product&#038;p=4576"},"modified":"2025-10-15T08:06:07","modified_gmt":"2025-10-15T08:06:07","slug":"bracelet-perle-des-phillipines-ronde-o-10-mm","status":"publish","type":"product","link":"https:\/\/terredete.fr\/en\/product\/bracelet-perle-des-phillipines-ronde-o-10-mm\/","title":{"rendered":"Round Philippine Pearl Bracelet (\u00f8 10 mm)"},"content":{"rendered":"<p>Les perles des Philippines, v\u00e9ritables joyaux de l\u2019oc\u00e9an Pacifique, sont reconnues pour leur nacre exceptionnelle et leurs nuances uniques, allant de l\u2019or au champagne. Cultiv\u00e9es avec soin, elles demandent plusieurs ann\u00e9es de patience, ce qui les rend rares et pr\u00e9cieuses.<\/p>\n<p>Ces perles prestigieuses sont sublim\u00e9es par des h\u00e9matites galvanis\u00e9es, dont l\u2019\u00e9clat moderne et la durabilit\u00e9 renforcent l\u2019\u00e9l\u00e9gance du bijou. Hypoallerg\u00e9niques et r\u00e9sistantes \u00e0 l\u2019eau, elles allient style et praticit\u00e9.<\/p>\n<p><strong>Each bracelet is carefully handcrafted. Finished with a sliding macram\u00e9 closure, it adjusts perfectly to all wrist sizes, offering a piece that is both unique and comfortable.<\/strong><\/p>\n<p><strong>As each bead is unique in its patterns and colors, the piece you receive may differ slightly from the one shown in the photo. This is precisely what makes your bracelet so special: you will be wearing a truly one-of-a-kind piece, shaped by nature.<\/strong><\/p>\n<p>&nbsp;<\/p>\n<p>&nbsp;<\/p>","protected":false},"excerpt":{"rendered":"<p>Un bracelet \u00e9l\u00e9gant et intemporel compos\u00e9 d&rsquo;une incroyable perle des Philippines ronde \u00f8 10mm, mise en valeur par des h\u00e9matites dor\u00e9es.<\/p>","protected":false},"featured_media":4559,"comment_status":"open","ping_status":"closed","template":"","meta":{"om_disable_all_campaigns":false,"_monsterinsights_skip_tracking":false,"_monsterinsights_sitenote_active":false,"_monsterinsights_sitenote_note":"","_monsterinsights_sitenote_category":0},"product_brand":[],"product_cat":[30,29,102],"product_tag":[35],"class_list":{"0":"post-4576","1":"product","2":"type-product","3":"status-publish","4":"has-post-thumbnail","6":"product_cat-bracelet","7":"product_cat-femme","8":"product_cat-philippines","9":"product_tag-coups-de-coeur","11":"first","12":"instock","13":"taxable","14":"shipping-taxable","15":"purchasable","16":"product-type-variable"},"aioseo_notices":[],"jetpack_sharing_enabled":true,"_links":{"self":[{"href":"https:\/\/terredete.fr\/en\/wp-json\/wp\/v2\/product\/4576","targetHints":{"allow":["GET"]}}],"collection":[{"href":"https:\/\/terredete.fr\/en\/wp-json\/wp\/v2\/product"}],"about":[{"href":"https:\/\/terredete.fr\/en\/wp-json\/wp\/v2\/types\/product"}],"replies":[{"embeddable":true,"href":"https:\/\/terredete.fr\/en\/wp-json\/wp\/v2\/comments?post=4576"}],"wp:featuredmedia":[{"embeddable":true,"href":"https:\/\/terredete.fr\/en\/wp-json\/wp\/v2\/media\/4559"}],"wp:attachment":[{"href":"https:\/\/terredete.fr\/en\/wp-json\/wp\/v2\/media?parent=4576"}],"wp:term":[{"taxonomy":"product_brand","embeddable":true,"href":"https:\/\/terredete.fr\/en\/wp-json\/wp\/v2\/product_brand?post=4576"},{"taxonomy":"product_cat","embeddable":true,"href":"https:\/\/terredete.fr\/en\/wp-json\/wp\/v2\/product_cat?post=4576"},{"taxonomy":"product_tag","embeddable":true,"href":"https:\/\/terredete.fr\/en\/wp-json\/wp\/v2\/product_tag?post=4576"}],"curies":[{"name":"wp","href":"https:\/\/api.w.org\/{rel}","templated":true}]}}