{"id":4588,"date":"2025-02-28T12:46:11","date_gmt":"2025-02-28T12:46:11","guid":{"rendered":"https:\/\/terredete.fr\/?post_type=product&#038;p=4588"},"modified":"2025-03-10T14:25:00","modified_gmt":"2025-03-10T14:25:00","slug":"bracelet-bille-de-larimar-et-howlite","status":"publish","type":"product","link":"https:\/\/terredete.fr\/en\/product\/bracelet-bille-de-larimar-et-howlite\/","title":{"rendered":"Larimar Bead Bracelet with Leather Macram\u00e9"},"content":{"rendered":"<p>Larimar, the treasure of the Caribbean, is a rare stone with unique sky-blue hues, found exclusively in the Dominican Republic. It is known for its soothing properties, inviting serenity and balance. Each stone evokes ocean waves and the positive energy they carry.<\/p>\n<p>Le cuir de kangourou, \u00e0 la fois souple et robuste, est un mat\u00e9riau d\u2019exception qui allie \u00e9l\u00e9gance et durabilit\u00e9. Contrairement \u00e0 d\u2019autres cuirs, il conserve sa flexibilit\u00e9 et sa douceur, m\u00eame apr\u00e8s une exposition prolong\u00e9e \u00e0 l\u2019eau, sans jamais se raidir ni perdre de sa qualit\u00e9. Ce cuir unique, issu de pratiques \u00e9thiques, est id\u00e9al pour des cr\u00e9ations r\u00e9sistantes et raffin\u00e9es, parfaites pour accompagner vos aventures du quotidien comme vos escapades les plus audacieuses.<\/p>\n<p><strong>Each bracelet is carefully handcrafted. Finished with a sliding macram\u00e9 closure, it adjusts perfectly to all wrist sizes, offering a piece that is both unique and comfortable.<\/strong><\/p>\n<p><strong>Since all stones are unique in their patterns and colors, the piece of jewelry you receive may differ slightly from the one pictured. But that's precisely what makes your bracelet so special: you'll be wearing a truly unique piece, shaped by nature.<\/strong><\/p>","protected":false},"excerpt":{"rendered":"<p>Un bracelet original et r\u00e9sistant compos\u00e9 d&rsquo;une bille de larimar \u00f8 10mm, mont\u00e9e sur un macram\u00e9 en cuir de kangourou<\/p>","protected":false},"featured_media":4544,"comment_status":"open","ping_status":"closed","template":"","meta":{"om_disable_all_campaigns":false,"_monsterinsights_skip_tracking":false,"_monsterinsights_sitenote_active":false,"_monsterinsights_sitenote_note":"","_monsterinsights_sitenote_category":0},"product_brand":[],"product_cat":[108,107],"product_tag":[],"class_list":{"0":"post-4588","1":"product","2":"type-product","3":"status-publish","4":"has-post-thumbnail","6":"product_cat-bracelets","7":"product_cat-homme","9":"first","10":"instock","11":"taxable","12":"shipping-taxable","13":"purchasable","14":"product-type-simple"},"aioseo_notices":[],"jetpack_sharing_enabled":true,"_links":{"self":[{"href":"https:\/\/terredete.fr\/en\/wp-json\/wp\/v2\/product\/4588","targetHints":{"allow":["GET"]}}],"collection":[{"href":"https:\/\/terredete.fr\/en\/wp-json\/wp\/v2\/product"}],"about":[{"href":"https:\/\/terredete.fr\/en\/wp-json\/wp\/v2\/types\/product"}],"replies":[{"embeddable":true,"href":"https:\/\/terredete.fr\/en\/wp-json\/wp\/v2\/comments?post=4588"}],"wp:featuredmedia":[{"embeddable":true,"href":"https:\/\/terredete.fr\/en\/wp-json\/wp\/v2\/media\/4544"}],"wp:attachment":[{"href":"https:\/\/terredete.fr\/en\/wp-json\/wp\/v2\/media?parent=4588"}],"wp:term":[{"taxonomy":"product_brand","embeddable":true,"href":"https:\/\/terredete.fr\/en\/wp-json\/wp\/v2\/product_brand?post=4588"},{"taxonomy":"product_cat","embeddable":true,"href":"https:\/\/terredete.fr\/en\/wp-json\/wp\/v2\/product_cat?post=4588"},{"taxonomy":"product_tag","embeddable":true,"href":"https:\/\/terredete.fr\/en\/wp-json\/wp\/v2\/product_tag?post=4588"}],"curies":[{"name":"wp","href":"https:\/\/api.w.org\/{rel}","templated":true}]}}