{"id":4592,"date":"2025-02-28T12:55:49","date_gmt":"2025-02-28T12:55:49","guid":{"rendered":"https:\/\/terredete.fr\/?post_type=product&#038;p=4592"},"modified":"2025-03-10T14:25:00","modified_gmt":"2025-03-10T14:25:00","slug":"bracelet-bille-de-larimar-et-howlite-2","status":"publish","type":"product","link":"https:\/\/terredete.fr\/en\/product\/bracelet-bille-de-larimar-et-howlite-2\/","title":{"rendered":"Larimar and Howlite Beaded Bracelet"},"content":{"rendered":"<p>Larimar, the treasure of the Caribbean, is a rare stone with unique sky-blue hues, found exclusively in the Dominican Republic. It is known for its soothing properties, inviting serenity and balance. Each stone evokes ocean waves and the positive energy they carry.<\/p>\n<p><strong>Each bracelet is carefully handcrafted. Finished with a sliding macram\u00e9 closure, it adjusts perfectly to all wrist sizes, offering a piece that is both unique and comfortable.<\/strong><\/p>\n<p><strong>Since all stones are unique in their patterns and colors, the piece of jewelry you receive may differ slightly from the one pictured. But that's precisely what makes your bracelet so special: you'll be wearing a truly unique piece, shaped by nature.<\/strong><\/p>","protected":false},"excerpt":{"rendered":"<p>Un bracelet original et r\u00e9sistant compos\u00e9 d&rsquo;une bille de larimar \u00f8 10mm, mont\u00e9e sur de la howlite.<\/p>","protected":false},"featured_media":4550,"comment_status":"open","ping_status":"closed","template":"","meta":{"om_disable_all_campaigns":false,"_monsterinsights_skip_tracking":false,"_monsterinsights_sitenote_active":false,"_monsterinsights_sitenote_note":"","_monsterinsights_sitenote_category":0},"product_brand":[],"product_cat":[108,107],"product_tag":[],"class_list":{"0":"post-4592","1":"product","2":"type-product","3":"status-publish","4":"has-post-thumbnail","6":"product_cat-bracelets","7":"product_cat-homme","9":"first","10":"instock","11":"taxable","12":"shipping-taxable","13":"purchasable","14":"product-type-simple"},"aioseo_notices":[],"jetpack_sharing_enabled":true,"_links":{"self":[{"href":"https:\/\/terredete.fr\/en\/wp-json\/wp\/v2\/product\/4592","targetHints":{"allow":["GET"]}}],"collection":[{"href":"https:\/\/terredete.fr\/en\/wp-json\/wp\/v2\/product"}],"about":[{"href":"https:\/\/terredete.fr\/en\/wp-json\/wp\/v2\/types\/product"}],"replies":[{"embeddable":true,"href":"https:\/\/terredete.fr\/en\/wp-json\/wp\/v2\/comments?post=4592"}],"wp:featuredmedia":[{"embeddable":true,"href":"https:\/\/terredete.fr\/en\/wp-json\/wp\/v2\/media\/4550"}],"wp:attachment":[{"href":"https:\/\/terredete.fr\/en\/wp-json\/wp\/v2\/media?parent=4592"}],"wp:term":[{"taxonomy":"product_brand","embeddable":true,"href":"https:\/\/terredete.fr\/en\/wp-json\/wp\/v2\/product_brand?post=4592"},{"taxonomy":"product_cat","embeddable":true,"href":"https:\/\/terredete.fr\/en\/wp-json\/wp\/v2\/product_cat?post=4592"},{"taxonomy":"product_tag","embeddable":true,"href":"https:\/\/terredete.fr\/en\/wp-json\/wp\/v2\/product_tag?post=4592"}],"curies":[{"name":"wp","href":"https:\/\/api.w.org\/{rel}","templated":true}]}}