{"id":4600,"date":"2025-02-28T13:34:01","date_gmt":"2025-02-28T13:34:01","guid":{"rendered":"https:\/\/terredete.fr\/?post_type=product&#038;p=4600"},"modified":"2026-05-08T16:03:02","modified_gmt":"2026-05-08T16:03:02","slug":"bracelet-larimar-et-perle-de-tahiti-ronde","status":"publish","type":"product","link":"https:\/\/terredete.fr\/en\/product\/bracelet-larimar-et-perle-de-tahiti-ronde\/","title":{"rendered":"Bracelet larimar et perle de Tahiti ronde"},"content":{"rendered":"<p>Un rang de bille, le tr\u00e9sor des Cara\u00efbes, vient apporter une touche de couleur. C&rsquo;est une pierre rare aux teintes bleu ciel uniques, extraite exclusivement en R\u00e9publique dominicaine. Il est connu pour ses vertus apaisantes, invitant \u00e0 la s\u00e9r\u00e9nit\u00e9 et \u00e0 l\u2019\u00e9quilibre. Chaque pierre \u00e9voque les vagues de l\u2019oc\u00e9an et l\u2019\u00e9nergie positive qu\u2019elles transportent.<\/p>\n<p>Au centre du bracelet, une perle de Tahiti ronde, un des tr\u00e9sors les plus rares des mers du Pacifique. Leur forme parfaitement sph\u00e9rique, associ\u00e9e \u00e0 des couleurs riches allant du noir profond au vert \u00e9clatant, en fait des pi\u00e8ces d\u2019exception. Contrairement \u00e0 leurs cousines baroques, les perles rondes sont un v\u00e9ritable exploit de la nature, et leur raret\u00e9 les rend particuli\u00e8rement recherch\u00e9es par les collectionneurs et les amateurs de bijoux pr\u00e9cieux. Chaque perle incarne la beaut\u00e9 brute et pure de l\u2019oc\u00e9an, faisant de chaque bracelet ou collier une pi\u00e8ce unique, empreinte de luxe et d\u2019\u00e9l\u00e9gance.<\/p>\n<p><strong>Chaque bracelet est soigneusement fabriqu\u00e9 \u00e0 la main. Ici sur un fil de silicone ultra-r\u00e9sistant, il s\u2019ajuste parfaitement \u00e0 tous les poignets, pour un bijou aussi unique que confortable.<\/strong><\/p>\n<p><strong>Toutes les perles et pierres \u00e9tant uniques par leurs motifs et leurs couleurs, il est possible que le bijou que vous recevrez diff\u00e8re l\u00e9g\u00e8rement de celui pr\u00e9sent\u00e9 en photo. Mais c\u2019est justement ce qui rend votre bracelet si sp\u00e9cial : vous porterez une pi\u00e8ce v\u00e9ritablement unique, fa\u00e7onn\u00e9e par la nature.<\/strong><\/p>\n<p>&nbsp;<\/p>\n<p>&nbsp;<\/p>","protected":false},"excerpt":{"rendered":"<p>Pi\u00e8ce unique<\/p>\n<p>Fabriqu\u00e9 \u00e0 Saint-Tropez<\/p>\n<p>Un bracelet unique et \u00e9l\u00e9gant associant un rang de billes de larimar et une perle de Tahiti ronde, parfaite de \u00f8 10mm.<\/p>","protected":false},"featured_media":4568,"comment_status":"open","ping_status":"closed","template":"","meta":{"om_disable_all_campaigns":false,"_monsterinsights_skip_tracking":false,"_monsterinsights_sitenote_active":false,"_monsterinsights_sitenote_note":"","_monsterinsights_sitenote_category":0},"product_brand":[],"product_cat":[30,29,105,40],"product_tag":[39],"class_list":{"0":"post-4600","1":"product","2":"type-product","3":"status-publish","4":"has-post-thumbnail","6":"product_cat-bracelet","7":"product_cat-femme","8":"product_cat-larimar-bracelet","9":"product_cat-tahiti","10":"product_tag-pieces-uniques","12":"first","13":"instock","14":"taxable","15":"shipping-taxable","16":"purchasable","17":"product-type-simple"},"aioseo_notices":[],"jetpack_sharing_enabled":true,"_links":{"self":[{"href":"https:\/\/terredete.fr\/en\/wp-json\/wp\/v2\/product\/4600","targetHints":{"allow":["GET"]}}],"collection":[{"href":"https:\/\/terredete.fr\/en\/wp-json\/wp\/v2\/product"}],"about":[{"href":"https:\/\/terredete.fr\/en\/wp-json\/wp\/v2\/types\/product"}],"replies":[{"embeddable":true,"href":"https:\/\/terredete.fr\/en\/wp-json\/wp\/v2\/comments?post=4600"}],"wp:featuredmedia":[{"embeddable":true,"href":"https:\/\/terredete.fr\/en\/wp-json\/wp\/v2\/media\/4568"}],"wp:attachment":[{"href":"https:\/\/terredete.fr\/en\/wp-json\/wp\/v2\/media?parent=4600"}],"wp:term":[{"taxonomy":"product_brand","embeddable":true,"href":"https:\/\/terredete.fr\/en\/wp-json\/wp\/v2\/product_brand?post=4600"},{"taxonomy":"product_cat","embeddable":true,"href":"https:\/\/terredete.fr\/en\/wp-json\/wp\/v2\/product_cat?post=4600"},{"taxonomy":"product_tag","embeddable":true,"href":"https:\/\/terredete.fr\/en\/wp-json\/wp\/v2\/product_tag?post=4600"}],"curies":[{"name":"wp","href":"https:\/\/api.w.org\/{rel}","templated":true}]}}