{"id":4783,"date":"2025-10-15T09:31:06","date_gmt":"2025-10-15T09:31:06","guid":{"rendered":"https:\/\/terredete.fr\/?post_type=product&#038;p=4783"},"modified":"2025-10-15T09:38:05","modified_gmt":"2025-10-15T09:38:05","slug":"ras-le-cou-perles-de-tahiti-baroques-50cm","status":"publish","type":"product","link":"https:\/\/terredete.fr\/en\/product\/ras-le-cou-perles-de-tahiti-baroques-50cm\/","title":{"rendered":"Baroque Tahitian Pearl Choker Necklace (50 cm)"},"content":{"rendered":"<p>Un collier pr\u00e9cieux et intemporel : un rang de perles de Tahiti baroques de 10 mm, aux nuances multicolores, s\u00e9par\u00e9es par des n\u0153uds en cuir de kangourou pour leur solidit\u00e9 et leur souplesse.<\/p>\n<p>Le collier se ferme \u00e0 l\u2019aide d\u2019un fermoir mousqueton en argent 925, moderne et \u00e9l\u00e9gant. Il peut se porter au quotidien.<\/p>","protected":false},"excerpt":{"rendered":"<p>Un collier pr\u00e9cieux et intemporel : un rang de perles de Tahiti baroques de 10 mm, aux nuances multicolores, s\u00e9par\u00e9es par des n\u0153uds en cuir de kangourou pour leur solidit\u00e9 et leur souplesse. Le collier se ferme \u00e0 l\u2019aide d\u2019un fermoir mousqueton en argent 925, moderne et \u00e9l\u00e9gant. Il peut se porter au quotidien.<\/p>","protected":false},"featured_media":4785,"comment_status":"open","ping_status":"closed","template":"","meta":{"om_disable_all_campaigns":false,"_monsterinsights_skip_tracking":false,"_monsterinsights_sitenote_active":false,"_monsterinsights_sitenote_note":"","_monsterinsights_sitenote_category":0},"product_brand":[],"product_cat":[109,107],"product_tag":[],"class_list":{"0":"post-4783","1":"product","2":"type-product","3":"status-publish","4":"has-post-thumbnail","6":"product_cat-colliers","7":"product_cat-homme","9":"first","10":"instock","11":"taxable","12":"shipping-taxable","13":"purchasable","14":"product-type-simple"},"aioseo_notices":[],"jetpack_sharing_enabled":true,"_links":{"self":[{"href":"https:\/\/terredete.fr\/en\/wp-json\/wp\/v2\/product\/4783","targetHints":{"allow":["GET"]}}],"collection":[{"href":"https:\/\/terredete.fr\/en\/wp-json\/wp\/v2\/product"}],"about":[{"href":"https:\/\/terredete.fr\/en\/wp-json\/wp\/v2\/types\/product"}],"replies":[{"embeddable":true,"href":"https:\/\/terredete.fr\/en\/wp-json\/wp\/v2\/comments?post=4783"}],"wp:featuredmedia":[{"embeddable":true,"href":"https:\/\/terredete.fr\/en\/wp-json\/wp\/v2\/media\/4785"}],"wp:attachment":[{"href":"https:\/\/terredete.fr\/en\/wp-json\/wp\/v2\/media?parent=4783"}],"wp:term":[{"taxonomy":"product_brand","embeddable":true,"href":"https:\/\/terredete.fr\/en\/wp-json\/wp\/v2\/product_brand?post=4783"},{"taxonomy":"product_cat","embeddable":true,"href":"https:\/\/terredete.fr\/en\/wp-json\/wp\/v2\/product_cat?post=4783"},{"taxonomy":"product_tag","embeddable":true,"href":"https:\/\/terredete.fr\/en\/wp-json\/wp\/v2\/product_tag?post=4783"}],"curies":[{"name":"wp","href":"https:\/\/api.w.org\/{rel}","templated":true}]}}