{"id":4832,"date":"2025-10-17T14:16:22","date_gmt":"2025-10-17T14:16:22","guid":{"rendered":"https:\/\/terredete.fr\/?post_type=product&#038;p=4832"},"modified":"2026-05-11T16:40:32","modified_gmt":"2026-05-11T16:40:32","slug":"sautoir-cravate-trilogie-perles-deau-douce","status":"publish","type":"product","link":"https:\/\/terredete.fr\/en\/product\/sautoir-cravate-trilogie-perles-deau-douce\/","title":{"rendered":"Freshwater Pearl Trilogy Tie Sautoir"},"content":{"rendered":"<p>Ce sautoir en cuir de kangourou r\u00e9v\u00e8le l\u2019alliance subtile entre mati\u00e8re brute et \u00e9l\u00e9gance naturelle.<\/p>\n<p>Sur son lien souple glissent trois perles d\u2019eau douce, dispos\u00e9es en d\u00e9grad\u00e9 de couleur, qui se d\u00e9placent au gr\u00e9 de vos envies pour cr\u00e9er votre propre harmonie.<\/p>\n<p>Facile \u00e0 porter, il sublime aussi bien un chemiser fluide, une robe de plage qu\u2019un cachemire hivernal, apportant une touche lumineuse et intemporelle \u00e0 votre silhouette.<\/p>","protected":false},"excerpt":{"rendered":"<p>Ce sautoir en cuir de kangourou r\u00e9v\u00e8le l\u2019alliance subtile entre mati\u00e8re brute et \u00e9l\u00e9gance naturelle. Sur son lien souple glissent trois perles d\u2019eau douce, dispos\u00e9es en d\u00e9grad\u00e9 de couleur, qui se d\u00e9placent au gr\u00e9 de vos envies pour cr\u00e9er votre propre harmonie. Facile \u00e0 porter, il sublime aussi bien un chemiser fluide, une robe de [&hellip;]<\/p>","protected":false},"featured_media":4845,"comment_status":"open","ping_status":"closed","template":"","meta":{"om_disable_all_campaigns":false,"_monsterinsights_skip_tracking":false,"_monsterinsights_sitenote_active":false,"_monsterinsights_sitenote_note":"","_monsterinsights_sitenote_category":0},"product_brand":[],"product_cat":[31,192,29,92],"product_tag":[],"class_list":{"0":"post-4832","1":"product","2":"type-product","3":"status-publish","4":"has-post-thumbnail","6":"product_cat-collier","7":"product_cat-colier-en-cuir","8":"product_cat-femme","9":"product_cat-eau-douce-collier","11":"first","12":"instock","13":"taxable","14":"shipping-taxable","15":"purchasable","16":"product-type-variable"},"aioseo_notices":[],"jetpack_sharing_enabled":true,"_links":{"self":[{"href":"https:\/\/terredete.fr\/en\/wp-json\/wp\/v2\/product\/4832","targetHints":{"allow":["GET"]}}],"collection":[{"href":"https:\/\/terredete.fr\/en\/wp-json\/wp\/v2\/product"}],"about":[{"href":"https:\/\/terredete.fr\/en\/wp-json\/wp\/v2\/types\/product"}],"replies":[{"embeddable":true,"href":"https:\/\/terredete.fr\/en\/wp-json\/wp\/v2\/comments?post=4832"}],"wp:featuredmedia":[{"embeddable":true,"href":"https:\/\/terredete.fr\/en\/wp-json\/wp\/v2\/media\/4845"}],"wp:attachment":[{"href":"https:\/\/terredete.fr\/en\/wp-json\/wp\/v2\/media?parent=4832"}],"wp:term":[{"taxonomy":"product_brand","embeddable":true,"href":"https:\/\/terredete.fr\/en\/wp-json\/wp\/v2\/product_brand?post=4832"},{"taxonomy":"product_cat","embeddable":true,"href":"https:\/\/terredete.fr\/en\/wp-json\/wp\/v2\/product_cat?post=4832"},{"taxonomy":"product_tag","embeddable":true,"href":"https:\/\/terredete.fr\/en\/wp-json\/wp\/v2\/product_tag?post=4832"}],"curies":[{"name":"wp","href":"https:\/\/api.w.org\/{rel}","templated":true}]}}