{"id":5163,"date":"2026-05-08T16:42:49","date_gmt":"2026-05-08T16:42:49","guid":{"rendered":"https:\/\/terredete.fr\/?post_type=product&#038;p=5163"},"modified":"2026-05-12T16:16:26","modified_gmt":"2026-05-12T16:16:26","slug":"medaille-de-saint-tropez-15mm-et-liens-tisses","status":"publish","type":"product","link":"https:\/\/terredete.fr\/en\/product\/medaille-de-saint-tropez-15mm-et-liens-tisses\/","title":{"rendered":"M\u00e9daille de Saint-Tropez \u00f8 15 mm et liens tiss\u00e9s"},"content":{"rendered":"<p>En association avec la famille Schaming, Terre d\u2019\u00e9t\u00e9 vous propose en exclusivit\u00e9 l\u2019authentique m\u00e9daille de St Tropez. Cr\u00e9e en 1945 par l\u2019ancienne bijouterie Frantz, elle a \u00e9t\u00e9 reprise par Monsieur Schaming en 1980. Cette m\u00e9daille, embl\u00e8me religieux, repr\u00e9sente le Saint Patron du village. Initialement port\u00e9e par les Trop\u00e9ziens de naissance, elle se porte aujourd\u2019hui mont\u00e9e en bracelet ou en collier aussi par les trop\u00e9ziens de c\u0153ur.<\/p>\n<p>En argent 925, elle est mont\u00e9e sur des liens tiss\u00e9s avec une vari\u00e9t\u00e9 de pierres.<\/p>\n<p class=\"p3\"><b>Gr\u00e2ce \u00e0 son n\u0153ud coulissant, tiss\u00e9 avec minutie, il s\u2019ajuste parfaitement \u00e0 tous les poignets, pour un bijou aussi unique que confortable.<\/b><\/p>","protected":false},"excerpt":{"rendered":"<p>Montage fait main \u00e0 Saint-Tropez.<\/p>\n<p>L&rsquo;authentique m\u00e9daille de Saint-Tropez \u00f8 15mm, frappe Frantz, mont\u00e9e sur un tiss\u00e9.<\/p>","protected":false},"featured_media":5181,"comment_status":"open","ping_status":"closed","template":"","meta":{"om_disable_all_campaigns":false,"_monsterinsights_skip_tracking":false,"_monsterinsights_sitenote_active":false,"_monsterinsights_sitenote_note":"","_monsterinsights_sitenote_category":0},"product_brand":[],"product_cat":[30,29,130],"product_tag":[],"class_list":{"0":"post-5163","1":"product","2":"type-product","3":"status-publish","4":"has-post-thumbnail","6":"product_cat-bracelet","7":"product_cat-femme","8":"product_cat-medaille-de-saint-tropez","10":"first","11":"instock","12":"taxable","13":"shipping-taxable","14":"purchasable","15":"product-type-variable"},"aioseo_notices":[],"jetpack_sharing_enabled":true,"_links":{"self":[{"href":"https:\/\/terredete.fr\/en\/wp-json\/wp\/v2\/product\/5163","targetHints":{"allow":["GET"]}}],"collection":[{"href":"https:\/\/terredete.fr\/en\/wp-json\/wp\/v2\/product"}],"about":[{"href":"https:\/\/terredete.fr\/en\/wp-json\/wp\/v2\/types\/product"}],"replies":[{"embeddable":true,"href":"https:\/\/terredete.fr\/en\/wp-json\/wp\/v2\/comments?post=5163"}],"wp:featuredmedia":[{"embeddable":true,"href":"https:\/\/terredete.fr\/en\/wp-json\/wp\/v2\/media\/5181"}],"wp:attachment":[{"href":"https:\/\/terredete.fr\/en\/wp-json\/wp\/v2\/media?parent=5163"}],"wp:term":[{"taxonomy":"product_brand","embeddable":true,"href":"https:\/\/terredete.fr\/en\/wp-json\/wp\/v2\/product_brand?post=5163"},{"taxonomy":"product_cat","embeddable":true,"href":"https:\/\/terredete.fr\/en\/wp-json\/wp\/v2\/product_cat?post=5163"},{"taxonomy":"product_tag","embeddable":true,"href":"https:\/\/terredete.fr\/en\/wp-json\/wp\/v2\/product_tag?post=5163"}],"curies":[{"name":"wp","href":"https:\/\/api.w.org\/{rel}","templated":true}]}}