{"id":5192,"date":"2026-05-09T14:47:42","date_gmt":"2026-05-09T14:47:42","guid":{"rendered":"https:\/\/terredete.fr\/?post_type=product&#038;p=5192"},"modified":"2026-05-09T16:52:22","modified_gmt":"2026-05-09T16:52:22","slug":"collier-avec-une-perle-deau-douce-baroque-montee-sur-hematites-dores","status":"publish","type":"product","link":"https:\/\/terredete.fr\/en\/product\/collier-avec-une-perle-deau-douce-baroque-montee-sur-hematites-dores\/","title":{"rendered":"Collier avec une perle d\u2019eau douce baroque mont\u00e9e sur h\u00e9matites dor\u00e9s"},"content":{"rendered":"","protected":false},"excerpt":{"rendered":"<p>Pi\u00e8ces uniques<\/p>\n<p>Fait main \u00e0 Saint-Tropez<\/p>","protected":false},"featured_media":5187,"comment_status":"open","ping_status":"closed","template":"","meta":{"om_disable_all_campaigns":false,"_monsterinsights_skip_tracking":false,"_monsterinsights_sitenote_active":false,"_monsterinsights_sitenote_note":"","_monsterinsights_sitenote_category":0},"product_brand":[],"product_cat":[31,29,92],"product_tag":[39],"class_list":{"0":"post-5192","1":"product","2":"type-product","3":"status-publish","4":"has-post-thumbnail","6":"product_cat-collier","7":"product_cat-femme","8":"product_cat-eau-douce-collier","9":"product_tag-pieces-uniques","11":"first","12":"instock","13":"sold-individually","14":"taxable","15":"shipping-taxable","16":"purchasable","17":"product-type-variable"},"aioseo_notices":[],"jetpack_sharing_enabled":true,"_links":{"self":[{"href":"https:\/\/terredete.fr\/en\/wp-json\/wp\/v2\/product\/5192","targetHints":{"allow":["GET"]}}],"collection":[{"href":"https:\/\/terredete.fr\/en\/wp-json\/wp\/v2\/product"}],"about":[{"href":"https:\/\/terredete.fr\/en\/wp-json\/wp\/v2\/types\/product"}],"replies":[{"embeddable":true,"href":"https:\/\/terredete.fr\/en\/wp-json\/wp\/v2\/comments?post=5192"}],"wp:featuredmedia":[{"embeddable":true,"href":"https:\/\/terredete.fr\/en\/wp-json\/wp\/v2\/media\/5187"}],"wp:attachment":[{"href":"https:\/\/terredete.fr\/en\/wp-json\/wp\/v2\/media?parent=5192"}],"wp:term":[{"taxonomy":"product_brand","embeddable":true,"href":"https:\/\/terredete.fr\/en\/wp-json\/wp\/v2\/product_brand?post=5192"},{"taxonomy":"product_cat","embeddable":true,"href":"https:\/\/terredete.fr\/en\/wp-json\/wp\/v2\/product_cat?post=5192"},{"taxonomy":"product_tag","embeddable":true,"href":"https:\/\/terredete.fr\/en\/wp-json\/wp\/v2\/product_tag?post=5192"}],"curies":[{"name":"wp","href":"https:\/\/api.w.org\/{rel}","templated":true}]}}