{"id":5257,"date":"2026-05-12T09:42:01","date_gmt":"2026-05-12T09:42:01","guid":{"rendered":"https:\/\/terredete.fr\/?post_type=product&#038;p=5257"},"modified":"2026-05-13T10:52:16","modified_gmt":"2026-05-13T10:52:16","slug":"perle-deau-douce-sur-macrame-en-cuir","status":"publish","type":"product","link":"https:\/\/terredete.fr\/en\/product\/perle-deau-douce-sur-macrame-en-cuir\/","title":{"rendered":"Perle d&rsquo;eau douce sur macram\u00e9 en cuir de kangourou"},"content":{"rendered":"<p>Freshwater pearls combine elegance and natural beauty. Slightly irregular, they catch the light to reveal a soft, refined glow. Each pearl is unique, reflecting the imperfect beauty of nature.<\/p>\n<p>Le cuir de kangourou, \u00e0 la fois souple et robuste, est un mat\u00e9riau d\u2019exception qui allie \u00e9l\u00e9gance et durabilit\u00e9. Contrairement \u00e0 d\u2019autres cuirs, il conserve sa flexibilit\u00e9 et sa douceur, m\u00eame apr\u00e8s une exposition prolong\u00e9e \u00e0 l\u2019eau, sans jamais se raidir ni perdre de sa qualit\u00e9. Ce cuir unique, issu de pratiques \u00e9thiques, est id\u00e9al pour des cr\u00e9ations r\u00e9sistantes et raffin\u00e9es, parfaites pour accompagner vos aventures du quotidien comme vos escapades les plus audacieuses.<\/p>\n<p><b>Like all pearls, they are naturally maintained through contact with the skin, which helps preserve their moisture. Simply avoid alcohol-based products, such as perfume, to maintain their shine.<\/b><\/p>\n<p><b>As all pearls are unique in shape, color, and nuances, the piece you receive may differ slightly from the one shown in the photo. But this is precisely what makes your bracelet so special: you will be wearing a truly one-of-a-kind piece, shaped by nature.<\/b><\/p>","protected":false},"excerpt":{"rendered":"<p>Fait main \u00e0 Saint-Tropez<\/p>\n<p>Un bracelet \u00e9l\u00e9gant avec une perle d\u2019eau douce \u00f8 11 mm mont\u00e9e sur du cuir de kangourou.<\/p>","protected":false},"featured_media":5211,"comment_status":"open","ping_status":"closed","template":"","meta":{"om_disable_all_campaigns":false,"_monsterinsights_skip_tracking":false,"_monsterinsights_sitenote_active":false,"_monsterinsights_sitenote_note":"","_monsterinsights_sitenote_category":0},"product_brand":[],"product_cat":[30,191,29,91],"product_tag":[35],"class_list":{"0":"post-5257","1":"product","2":"type-product","3":"status-publish","4":"has-post-thumbnail","6":"product_cat-bracelet","7":"product_cat-bracelet-en-cuir","8":"product_cat-femme","9":"product_cat-eau-douce","10":"product_tag-coups-de-coeur","12":"first","13":"instock","14":"taxable","15":"shipping-taxable","16":"purchasable","17":"product-type-variable"},"aioseo_notices":[],"jetpack_sharing_enabled":true,"_links":{"self":[{"href":"https:\/\/terredete.fr\/en\/wp-json\/wp\/v2\/product\/5257","targetHints":{"allow":["GET"]}}],"collection":[{"href":"https:\/\/terredete.fr\/en\/wp-json\/wp\/v2\/product"}],"about":[{"href":"https:\/\/terredete.fr\/en\/wp-json\/wp\/v2\/types\/product"}],"replies":[{"embeddable":true,"href":"https:\/\/terredete.fr\/en\/wp-json\/wp\/v2\/comments?post=5257"}],"wp:featuredmedia":[{"embeddable":true,"href":"https:\/\/terredete.fr\/en\/wp-json\/wp\/v2\/media\/5211"}],"wp:attachment":[{"href":"https:\/\/terredete.fr\/en\/wp-json\/wp\/v2\/media?parent=5257"}],"wp:term":[{"taxonomy":"product_brand","embeddable":true,"href":"https:\/\/terredete.fr\/en\/wp-json\/wp\/v2\/product_brand?post=5257"},{"taxonomy":"product_cat","embeddable":true,"href":"https:\/\/terredete.fr\/en\/wp-json\/wp\/v2\/product_cat?post=5257"},{"taxonomy":"product_tag","embeddable":true,"href":"https:\/\/terredete.fr\/en\/wp-json\/wp\/v2\/product_tag?post=5257"}],"curies":[{"name":"wp","href":"https:\/\/api.w.org\/{rel}","templated":true}]}}